{"id":305,"date":"2011-07-27T07:26:06","date_gmt":"2011-07-27T07:26:06","guid":{"rendered":"http:\/\/www.stickerdesign.it\/blog\/?page_id=305"},"modified":"2018-04-30T18:46:12","modified_gmt":"2018-04-30T16:46:12","slug":"informazioni-generali","status":"publish","type":"page","link":"https:\/\/stickerdesign.it\/blog\/informazioni-generali\/","title":{"rendered":"Informazioni Generali"},"content":{"rendered":"<h3><em><span style=\"color: #99cc00;\"><strong>TERMINI E CONDIZIONI<\/strong><\/span><\/em><\/h3>\n<h3><em><strong>Le presenti Condizioni Generali determinano\u00a0l\u2019acquisto dei nostri prodotti ,\u00a0 Adesivi Murali,\u00a0<span style=\"color: #0000ff;\">\u00a0<a style=\"color: #0000ff;\" href=\"https:\/\/stickerdesign.it\/quadri-con-frase\/\">Quadri con frase personalizzata<\/a><\/span>,\u00a0\u00a0<span style=\"color: #0000ff;\"><a style=\"color: #0000ff;\" href=\"https:\/\/stickerdesign.it\/disegna-la-tua-frase\/\">Frase personalizzata<\/a>\u00a0<\/span>,\u00a0 Adesivi Personalizzati Camerette , decorazioni murali\u00a0 effettuato a distanza tramite\u00a0 sul Sito\u00a0\u00a0<a href=\"http:\/\/www.stickerdesign.it\"><span style=\"color: #0000ff;\">www.stickerdesign.it<\/span>\u00a0<\/a>\u00a0 di propriet\u00e0 di Scalinci Snc .\u00a0<\/strong><\/em><\/h3>\n<h3><em><strong>Il Cliente, con il\u00a0proprio ordine d\u2019acquisto, accetta e si obbliga ad osservare nei suoi rapporti con StickerDesign , le condizioni d\u2019acquisto qui riportate.<\/strong><\/em><\/h3>\n<h3><strong>IL Cliente si\u00a0 impegna a\u00a0\u00a0leggere le presenti condizioni d\u2019acquisto\u00a0prima della conferma dei suoi\u00a0ordini. L\u2019inoltro dell\u2019ordine\u00a0sottintende\u00a0la totale conoscenza delle condizioni d\u2019acquisto\u00a0con conseguente\u00a0accettazione.<\/strong><\/h3>\n<h3><em><span style=\"color: #99cc00;\"><strong>MODALITA\u2019 D\u2019ACQUISTO<\/strong><\/span><\/em><\/h3>\n<h3><em><strong>I\u00a0 prodotti presenti sul sito\u00a0 Stickerdesign.it\u00a0 sono sempre disponibili .\u00a0Dopo aver scelto il prodotto sar\u00e0 necessario effettuare il pagamento, il Cliente ricever\u00e0 copia dell\u2019ordine pagato nella sua casella di posta elettronica con tutti i dettagli.<\/strong><\/em><\/h3>\n<h3><em><span style=\"color: #99cc00;\"><strong>PAGAMENTI<\/strong><\/span><strong>\u00a0\u00a0<\/strong><\/em><\/h3>\n<h3><em><strong>I metodi di\u00a0\u00a0pagamento accettati sono <\/strong><\/em><\/h3>\n<h3><em><strong>Carta di credito , carta prepagata , \u00a0paypal , bonifico bancario e contrassegno.<\/strong><\/em><\/h3>\n<h3><em><span style=\"color: #99cc00;\"><strong>EVASIONE ORDINI<\/strong><\/span><strong>\u00a0<\/strong><\/em><\/h3>\n<h3><em><strong> gli ordini vengono lavorati \u00a0nelle 48 ore (lavorative) successive al pagamento . Per i pagamenti effettuati con bonifico bancario occorrono 3 \/ 4 giorni lavorativi dalla ricezione dell&#8217;accredito per effettuare la\u00a0 spedizione del prodotto .Se il Cliente ha urgenza nella consegna di un ordine, deve contattare prima dell\u2019acquisto Stickerdesign e chiederne la fattibilit\u00e0.<\/strong><\/em><\/h3>\n<h3><em><strong>Note : dopo aver effettuato l\u2019acquisto si pu\u00f2 conoscere lo stato del proprio ordine accedendo sul sito\u00a0 www.Stickerdesign.it \u00a0al seguente link<\/strong><\/em><\/h3>\n<h3><em><strong><span style=\"color: #0000ff;\"><a style=\"color: #0000ff;\" href=\"https:\/\/stickerdesign.it\/pannello\/accedi\/\">https:\/\/stickerdesign.it\/pannello\/accedi\/<\/a>\u00a0\u00a0<\/span>e accedere\u00a0 con l\u2019indirizzo email e password .<\/strong><\/em><\/h3>\n<h3><em><strong><span style=\"color: #99cc00;\">SPEDIZIONE<\/span>\u00a0<\/strong><\/em><\/h3>\n<h3><em><strong> Il Cliente deve fornire l\u2019indirizzo di spedizione completo\u00a0di eventuali interni o scale e specificando se il pacco deve essere recapitato presso un ufficio, un\u2019 azienda, un negozio, un magazzino e\u00a0un numero di cellulare in cui sia reperibile per non incorrere in una mancata consegna e eventuale giacenza del prodotto presso la sede del corriere della zona . I prodotti acquistati vengono spediti tramite corriere espresso GLS e saranno consegnati \u00a0all\u2019indirizzo indicato dal Cliente. I tempi di consegna \u00a0standard variano dai 2 ai 4 giorni lavorativi.<\/strong><\/em><\/h3>\n<h3><em><strong>Vi informiamo che il corriere effettua due prove di consegna , se non trova nessuno il vostro ordine andr\u00e0 in giacenza presso la sede del corriere . Stickerdesign \u00a0non risponde di eventuali\u00a0 ritardi nelle consegne imputabili ai corrieri. Il Cliente a spedizione avvenuta ricever\u00e0 una mail con il tracking del suo pacco\u00a0che potr\u00e0 monitorare online.\u00a0 Nel caso in cui riceviate un articolo errato o danneggiato, vi invitiamo a contattarci telefonicamente o via email entro tre giorni dalla data di ricezione dell&#8217;ordine, preferibilmente con una fotografia del pacco e del suo contenuto.<\/strong><\/em><\/h3>\n<h3><span style=\"color: #99cc00;\"><em><strong>CONTRASSEGNO<\/strong><\/em><\/span><\/h3>\n<h3><em><strong>E\u2019 possibile\u00a0la spedizione in contrassegno, il costo del servizio \u00e8 di \u20ac\u00a05,00 in pi\u00f9 sul costo di spedizione.<\/strong><\/em><\/h3>\n<h3><em><strong>Gli ordini in contrassegno saranno evasi esclusivamente previo contatto telefonico da parte del nostro staff.<\/strong><\/em><\/h3>\n<h3><em><strong>E\u2019 pertanto necessario lasciare un valido recapito telefonico.<\/strong><\/em><\/h3>\n<h3><em><span style=\"color: #99cc00;\"><strong>DIRITTO DI RECESSO<\/strong><\/span><strong>\u00a0\u00a0<\/strong><\/em><\/h3>\n<h3><em><strong>Gli acquisti effettuati su Stickerdesign.it sono regolati dalle\u00a0nuove normative per adeguare la legge italiana alla direttiva UE 2011\/83\/CE (recante modifica delle direttive 93\/13\/CEE e 1999\/44\/CE e che abroga le direttive 85\/577\/CEE e 97\/7\/CE) Il\u00a0Cliente pu\u00f2 avvalersi del\u00a0diritto di recesso entro \u00a014 giorni dalla data del ricevimento del pacco che \u00e8\u00a0il tempo massimo per\u00a0comunicare la volont\u00e0 di voler restituire la merce, la comunicazione pu\u00f2 avvenire per email a info@stickerdesign.it.\u00a0Il Cliente dovr\u00e0 rispedire il prodotto nella sua confezione originale di spedizione, al ricevimento del reso , controllato che il prodotto sia integr\u00f2 rimborseremo la somma versata . I costi della spedizione sono a carico del cliente.\u00a0Il\u00a0 pacco di reso dovr\u00e0 essere rispedito a spese del Cliente a: Scalinci Snc , via San Giovanni Bosco ,11 72026 San Pancrazio Salentino\u00a0 (BR )<\/strong><\/em><\/h3>\n<h3><em><strong>Il diritto di recesso non \u00e8 applicabile su prodotti \u00a0personalizzati.<\/strong><\/em><\/h3>\n<h3><em><strong><span style=\"color: #99cc00;\">FATTURE<\/span>\u00a0<\/strong><strong>\u00a0<\/strong><\/em><\/h3>\n<h3><em><strong>Se il Cliente preferisce la fattura dovr\u00e0\u00a0specificarlo al momento dell\u2019ordine.\u00a0Una volta emessa ricevuta fiscale non sar\u00e0 pi\u00f9 possibile richiedere fattura.<\/strong><\/em><\/h3>\n<h3><em><span style=\"color: #99cc00;\"><strong>SERVIZIO CLIENTI<\/strong><\/span><strong>\u00a0<\/strong><\/em><\/h3>\n<h3><em><strong>il nostro servizio Clienti \u00e8 disponibile anche nel post-vendita e pu\u00f2 essere contattato per telefono al 0831667744 o 348.8927037 dal luned\u00ec al venerd\u00ec .<\/strong><\/em><\/h3>\n<p>&nbsp;<\/p>\n","protected":false},"excerpt":{"rendered":"<p>TERMINI E CONDIZIONI Le presenti Condizioni Generali determinano\u00a0l\u2019acquisto dei nostri prodotti ,\u00a0 Adesivi Murali,\u00a0\u00a0Quadri con frase personalizzata,\u00a0\u00a0Frase personalizzata\u00a0,\u00a0 Adesivi Personalizzati Camerette , decorazioni murali\u00a0 effettuato a distanza tramite\u00a0 sul Sito\u00a0\u00a0www.stickerdesign.it\u00a0\u00a0 di propriet\u00e0 di Scalinci Snc .\u00a0 Il Cliente, con il\u00a0proprio ordine d\u2019acquisto, accetta e si obbliga ad osservare nei suoi rapporti con StickerDesign , le &hellip; <a href=\"https:\/\/stickerdesign.it\/blog\/informazioni-generali\/\" class=\"more-link\">Leggi tutto<span class=\"screen-reader-text\"> &#8220;Informazioni Generali&#8221;<\/span><\/a><\/p>\n","protected":false},"author":1,"featured_media":0,"parent":0,"menu_order":0,"comment_status":"open","ping_status":"open","template":"","meta":[],"_links":{"self":[{"href":"https:\/\/stickerdesign.it\/blog\/wp-json\/wp\/v2\/pages\/305"}],"collection":[{"href":"https:\/\/stickerdesign.it\/blog\/wp-json\/wp\/v2\/pages"}],"about":[{"href":"https:\/\/stickerdesign.it\/blog\/wp-json\/wp\/v2\/types\/page"}],"author":[{"embeddable":true,"href":"https:\/\/stickerdesign.it\/blog\/wp-json\/wp\/v2\/users\/1"}],"replies":[{"embeddable":true,"href":"https:\/\/stickerdesign.it\/blog\/wp-json\/wp\/v2\/comments?post=305"}],"version-history":[{"count":25,"href":"https:\/\/stickerdesign.it\/blog\/wp-json\/wp\/v2\/pages\/305\/revisions"}],"predecessor-version":[{"id":1126,"href":"https:\/\/stickerdesign.it\/blog\/wp-json\/wp\/v2\/pages\/305\/revisions\/1126"}],"wp:attachment":[{"href":"https:\/\/stickerdesign.it\/blog\/wp-json\/wp\/v2\/media?parent=305"}],"curies":[{"name":"wp","href":"https:\/\/api.w.org\/{rel}","templated":true}]}}