{"id":277,"date":"2011-07-25T19:55:39","date_gmt":"2011-07-25T19:55:39","guid":{"rendered":"http:\/\/www.stickerdesign.it\/blog\/?page_id=277"},"modified":"2025-02-17T11:31:55","modified_gmt":"2025-02-17T10:31:55","slug":"come-applicare-adesivo-murale","status":"publish","type":"page","link":"https:\/\/stickerdesign.it\/blog\/come-applicare-adesivo-murale\/","title":{"rendered":"Come applicare Adesivi Murali"},"content":{"rendered":"<table>\n<tbody>\n<tr>\n<td><span style=\"color: #ff0000;\"><em><strong><span style=\"font-size: medium;\">PRIMA DI INIZIARE VEDIAMO COME E&#8217; COMPOSTO IL NOSTRO STICKERS<\/span><\/strong><\/em><\/span><\/td>\n<\/tr>\n<\/tbody>\n<\/table>\n<table border=\"0\" width=\"770\" cellspacing=\"0\" cellpadding=\"4\">\n<tbody>\n<tr valign=\"top\">\n<td width=\"50%\"><img class=\"size-full wp-image-309 alignnone\" title=\"composti_piccoli_web\" src=\"http:\/\/stickerdesign.it\/blog\/wp-content\/uploads\/2016\/10\/composti_piccoli_web.jpg\" alt=\"\" height=\"260\" align=\"left\" \/><\/td>\n<td align=\"left\" width=\"50%\"><strong><span style=\"font-size: small;\">A: Carta siliconata <\/span><\/strong><\/p>\n<p><strong><span style=\"font-size: small;\">B: Wall Stickers <\/span><\/strong><\/p>\n<p><strong><span style=\"font-size: small;\">C: Application Tape, ovvero &#8220;Nastro per l&#8217;applicazione&#8221;, questa ci permette di staccare lo sticker dalla Carta Siliconata per poi applicarlo sulla superficie. Andr\u00e0 rimosso a lavoro terminato<\/span><\/strong><\/td>\n<\/tr>\n<\/tbody>\n<\/table>\n<p><span style=\"color: #ff0040;\"><em><strong><span style=\"font-size: medium;\">IL PRIMO PASSO<\/span><\/strong><\/em><\/span><\/p>\n<table border=\"0\" width=\"770\" cellspacing=\"0\" cellpadding=\"4\">\n<tbody>\n<tr valign=\"top\">\n<td width=\"50%\"><img class=\"size-full wp-image-309 alignnone\" title=\"composti_piccoli_web\" src=\"http:\/\/stickerdesign.it\/blog\/wp-content\/uploads\/2016\/10\/passo_1_piccoli_web.jpg\" alt=\"\" height=\"267\" align=\"left\" \/><\/td>\n<td align=\"left\" width=\"50%\"><strong><span style=\"font-size: small;\"> Appena arrivato il tubo con all&#8217;interno il nostro Adesivo Murale, srotoliamolo e posizioniamolo su un piano a testa in gi\u00f9, ovvero con la carta Siliconata ( Vedi Foto ) verso l&#8217;altro, lo stendiamo aiutandolo con il palmo delle mani o con una spatola o altro, in modo da renderlo lavorabile<\/span><\/strong><\/p>\n<p><strong><span style=\"font-size: small;\"> Se non dobbiamo applicare lo stickers nell&#8217;arco di un 2 giorni, consigliamo di srotolarlo ugualmente e lasciarlo su un piano in modo da farlo distendere <\/span><\/strong><\/p>\n<p><span style=\"font-size: small;\">\u00a0<\/span><\/td>\n<\/tr>\n<\/tbody>\n<\/table>\n<p><span style=\"color: #ff0040;\"><em><strong><span style=\"font-size: medium;\"> SECONDO PASSO<\/span><\/strong><\/em><\/span><\/p>\n<table border=\"0\" width=\"770\" cellspacing=\"0\" cellpadding=\"4\">\n<tbody>\n<tr valign=\"top\">\n<td width=\"50%\"><img class=\"size-full wp-image-309 alignnone\" title=\"composti_piccoli_web\" src=\"http:\/\/stickerdesign.it\/blog\/wp-content\/uploads\/2016\/10\/passo_2_piccoli_web.jpg\" alt=\"\" height=\"267\" align=\"left\" \/><\/td>\n<td align=\"left\" width=\"50%\"><strong><span style=\"font-size: small;\"> Posizioniamo lo stickers sul nosto muro ( vetro, porta, frigo, etc.. ) , fermandolo con dei pezzettini di nastro in carta ponendoli in alto come raffigurati in foto. Scollare Carta siliconata almeno di un paio di centimetri, in modo da averla a portata di mano per poi pian piano tirarla gi\u00f9.<\/span><\/strong><\/p>\n<p><strong><span style=\"font-size: small;\">N.B. Per adesivi piccoli come in questo caso, pu\u00f2 anche non essere utilizzato ill nastro in carta, se scollate di un paio di centimetri la carta soliconata e posizionate lo stickers dovrebbe rimanere fermo per il tempo necessario all&#8217;applicazione.<\/span><\/strong><\/td>\n<\/tr>\n<\/tbody>\n<\/table>\n<p><span style=\"color: #ff0040;\"><em><strong><span style=\"font-size: medium;\">TERZO PASSO<\/span> <\/strong><\/em><\/span><\/p>\n<table border=\"0\" width=\"770\" cellspacing=\"0\" cellpadding=\"4\">\n<tbody>\n<tr valign=\"top\">\n<td width=\"50%\"><img class=\"size-full wp-image-309 alignnone\" title=\"composti_piccoli_web\" src=\"http:\/\/stickerdesign.it\/blog\/wp-content\/uploads\/2016\/10\/passo_3_piccoli_web.jpg\" alt=\"\" height=\"267\" align=\"left\" \/><\/td>\n<td align=\"left\" width=\"50%\"><strong><span style=\"font-size: small;\">A questo punto con una spatola applicare lo sticker scendendo lentamente e premendo per bene, con l&#8217;altra mano tirare lentamente la carta siliconata stando molto attenti a non far rimanere dei pezzi di adesivo su di essa, siamo molto concentrati e cauti durantre questa fase<\/span><\/strong><\/p>\n<p><strong><span style=\"font-size: small;\">Nota: Con la spatola cercare di fare dei movimenti dal centro verso l&#8217;esterno tenendola a circa 45\u00b0 (come in foto ), in modo che l&#8217;aria fuoriesca e non dia problemi durantre l&#8217;intera fase<\/span><\/strong><\/td>\n<\/tr>\n<\/tbody>\n<\/table>\n<p><span style=\"color: #ff0040;\"><em><strong><span style=\"font-size: medium;\">QUARTO PASSO<\/span><\/strong><\/em><\/span><\/p>\n<table border=\"0\" width=\"770\" cellspacing=\"0\" cellpadding=\"4\">\n<tbody>\n<tr valign=\"top\">\n<td width=\"50%\"><img class=\"size-full wp-image-309 alignnone\" title=\"composti_piccoli_web\" src=\"http:\/\/stickerdesign.it\/blog\/wp-content\/uploads\/2016\/10\/passo_4_piccoli_web.jpg\" alt=\"\" height=\"267\" align=\"left\" \/><\/td>\n<td align=\"left\" width=\"50%\"><strong><span style=\"font-size: small;\">Rimossa quindi completamente la carta siliconata, procediamo a dare delle spatolate finali per far aderire in maniera uniforme il nostro adesivo. Vale lo stesso principio descritto prima, ovvero andare dal centro verso l&#8217;esterno in modo da favorire eventuali residui d&#8217;aria e per avere una&#8217;applicazione perfetta. <\/span><\/strong><\/p>\n<p><strong><span style=\"font-size: small;\">Rimuovere il nastro di carta ( se utilizzato)<\/span> <\/strong><\/td>\n<\/tr>\n<\/tbody>\n<\/table>\n<p><span style=\"color: #ff0040;\"><em><strong><span style=\"font-size: medium;\">QUINTO PASSO<\/span><\/strong><\/em><\/span><\/p>\n<table border=\"0\" width=\"770\" cellspacing=\"0\" cellpadding=\"4\">\n<tbody>\n<tr valign=\"top\">\n<td width=\"50%\"><img class=\"size-full wp-image-309 alignnone\" title=\"composti_piccoli_web\" src=\"http:\/\/stickerdesign.it\/blog\/wp-content\/uploads\/2016\/10\/passo_5_piccoli_web.jpg\" alt=\"\" height=\"267\" align=\"left\" \/><\/td>\n<td align=\"left\" width=\"50%\"><strong><span style=\"font-size: small;\">Ora siamo pronti a togliere la carta protettiva che ci ha permesso di applicare il nostro wall stickers. Procediamo come raffigurato a lato, ovvero togliento l&#8217;application tape partendo da un angolo ( qualsiasi) e procedendo in modo diagonale, lo spellicolamento sar\u00e0 pi\u00f9 facile.<\/span><\/strong><\/p>\n<p><strong><span style=\"font-size: small;\">Nota: Durante questa fase potrebbe accadere che lo stickers rimanga incollato alla carta protettiva, se cio&#8217; avviene tornare leggermente indietro e favorire l&#8217;incollaggio dello stesso, aiutandolo, procedere quindi alla rimozione molto lentamente fino a completare l&#8217;operazione. ( vedi figura in basso )<\/span><\/strong><\/td>\n<\/tr>\n<\/tbody>\n<\/table>\n<p><span style=\"color: #ff0040;\"><em><strong> <span style=\"font-size: medium;\">GODIAMOCI ORA IL NOSTRO WALL STICKERS <\/span><\/strong><\/em><\/span><\/p>\n<p><img class=\"size-full wp-image-309 alignnone\" title=\"composti_piccoli_web\" src=\"http:\/\/stickerdesign.it\/blog\/wp-content\/uploads\/2016\/10\/passo_6_piccoli_web.jpg\" alt=\"\" height=\"267\" align=\"middle\" \/><\/p>\n<p><span style=\"color: #ff0040;\"><em><strong> <span style=\"font-size: medium;\">Alcune note : <\/span> <\/strong><\/em><\/span><\/p>\n<p><span style=\"color: #000099;\"><em><strong> <span style=\"font-size: small;\">Se dovessimo applicare lo stickers su altre tipologie di superfici, come il vetro un frigorifero una porta o qualsiasi altro materiale molto liscio e lucido, consigliamo di bagnare la superfice nebulizando un po d&#8217;acqua, questo permetter\u00e0 durante l&#8217;applicazione, di avere maggiore maneggio dello sticker e cosa pi\u00f9 importante e fondamentale non permetter\u00e0 la forma delle bolle d&#8217;aria. QUESTO NON DEVE ESSERE FATTO PER L&#8217; APPLICAZIONE SUL MURO <\/span><\/strong><\/em><\/span><\/p>\n","protected":false},"excerpt":{"rendered":"<p>PRIMA DI INIZIARE VEDIAMO COME E&#8217; COMPOSTO IL NOSTRO STICKERS A: Carta siliconata B: Wall Stickers C: Application Tape, ovvero &#8220;Nastro per l&#8217;applicazione&#8221;, questa ci permette di staccare lo sticker dalla Carta Siliconata per poi applicarlo sulla superficie. Andr\u00e0 rimosso a lavoro terminato IL PRIMO PASSO Appena arrivato il tubo con all&#8217;interno il nostro Adesivo &hellip; <a href=\"https:\/\/stickerdesign.it\/blog\/come-applicare-adesivo-murale\/\" class=\"more-link\">Leggi tutto<span class=\"screen-reader-text\"> &#8220;Come applicare Adesivi Murali&#8221;<\/span><\/a><\/p>\n","protected":false},"author":1,"featured_media":0,"parent":0,"menu_order":0,"comment_status":"open","ping_status":"open","template":"","meta":[],"_links":{"self":[{"href":"https:\/\/stickerdesign.it\/blog\/wp-json\/wp\/v2\/pages\/277"}],"collection":[{"href":"https:\/\/stickerdesign.it\/blog\/wp-json\/wp\/v2\/pages"}],"about":[{"href":"https:\/\/stickerdesign.it\/blog\/wp-json\/wp\/v2\/types\/page"}],"author":[{"embeddable":true,"href":"https:\/\/stickerdesign.it\/blog\/wp-json\/wp\/v2\/users\/1"}],"replies":[{"embeddable":true,"href":"https:\/\/stickerdesign.it\/blog\/wp-json\/wp\/v2\/comments?post=277"}],"version-history":[{"count":7,"href":"https:\/\/stickerdesign.it\/blog\/wp-json\/wp\/v2\/pages\/277\/revisions"}],"predecessor-version":[{"id":2328,"href":"https:\/\/stickerdesign.it\/blog\/wp-json\/wp\/v2\/pages\/277\/revisions\/2328"}],"wp:attachment":[{"href":"https:\/\/stickerdesign.it\/blog\/wp-json\/wp\/v2\/media?parent=277"}],"curies":[{"name":"wp","href":"https:\/\/api.w.org\/{rel}","templated":true}]}}